{"id":9,"date":"2023-09-30T22:34:30","date_gmt":"2023-09-30T20:34:30","guid":{"rendered":"http:\/\/annekrahl.de\/?page_id=3"},"modified":"2024-12-22T11:32:31","modified_gmt":"2024-12-22T10:32:31","slug":"datenschutzerklaerung-2","status":"publish","type":"page","link":"http:\/\/hpannekrahl.ddns.net\/?page_id=9","title":{"rendered":"Kontakt \/ Datenschutzerkl\u00e4rung \/ Impressum"},"content":{"rendered":"\n<p>Herausgeber<\/p>\n\n\n\n<p>Anne Krahl<br>Postweg 62<br>01796 Pirna<br><a href=\"mailto:info_annekrahl@gmx.de\">Kontakt<\/a><\/p>\n\n\n\n<p><strong>Bei Interesse an meinen Produkten kontaktieren Sie mich gern.<\/strong><\/p>\n\n\n\n<p>Webmaster<\/p>\n\n\n\n<p>Robert Krahl<br>Am Lindigt 12<br>01796 Pirna<br><a href=\"mailto:info_annekrahl@gmx.de\">Kontakt<\/a><\/p>\n\n\n\n<p>Haftungsausschluss:<\/p>\n\n\n\n<ol class=\"wp-block-list\">\n<li>Inhalt des Onlineangebotes<br>F\u00fcr die Aktualit\u00e4t, Korrektheit, Vollst\u00e4ndigkeit oder Qualit\u00e4t der bereitgestellten Informationen \u00fcbernimmt die K\u00fcnstlerin und Domaininhaberin keinerlei Gew\u00e4hr. Haftungsanspr\u00fcche gegen den sie, welche sich auf Sch\u00e4den materieller oder ideeller Art beziehen, die durch die Nutzung oder Nichtnutzung der dargebotenen Informationen bzw. durch die Nutzung fehlerhafter und unvollst\u00e4ndiger Informationen verursacht wurden, sind grunds\u00e4tzlich ausgeschlossen, sofern seitens der K\u00fcnstlerin und Domaininhaberin kein nachweislich vors\u00e4tzliches oder grob fahrl\u00e4ssiges Verschulden vorliegt. Alle Angebote sind freibleibend und unverbindlich. Die K\u00fcnstlerin und Domaininhaberin beh\u00e4lt es sich ausdr\u00fccklich vor, Teile der Seiten oder das gesamte Angebot ohne gesonderte Ank\u00fcndigung zu ver\u00e4ndern, zu erg\u00e4nzen, zu l\u00f6schen oder die Ver\u00f6ffentlichung zeitweise oder endg\u00fcltig einzustellen.<br><br> <\/li>\n\n\n\n<li>Verweise und Links<br>Bei direkten oder indirekten Verweisen auf fremde Webseiten (&#8222;Hyperlinks&#8220;), die au\u00dferhalb des Verantwortungsbereiches der K\u00fcnstlerin und Domaininhaberin liegen, w\u00fcrde eine Haftungsverpflichtung ausschlie\u00dflich in dem Fall in Kraft treten, in dem die K\u00fcnstlerin und Domaininhaberin von den Inhalten Kenntnis hat und es ihr technisch m\u00f6glich und zumutbar w\u00e4re, die Nutzung im Falle rechtswidriger Inhalte zu verhindern. Die K\u00fcnstlerin und Domaininhaberin erkl\u00e4rt hiermit ausdr\u00fccklich, dass zum Zeitpunkt der Linksetzung keine illegalen Inhalte auf den zu verlinkenden Seiten erkennbar waren. Auf die aktuelle und zuk\u00fcnftige Gestaltung, die Inhalte oder die Urheberschaft der verlinkten\/verkn\u00fcpften Seiten hat die K\u00fcnstlerin und Domaininhaberin keinerlei Einfluss. Deshalb distanziert sie sich hiermit ausdr\u00fccklich von allen Inhalten aller verlinkten\/verkn\u00fcpften Seiten, die nach der Linksetzung ver\u00e4ndert wurden. Diese Feststellung gilt f\u00fcr alle innerhalb des eigenen Internetangebotes gesetzten Links und Verweise sowie f\u00fcr Fremdeintr\u00e4ge in von der K\u00fcnstlerin und Domaininhaberin eingerichteten G\u00e4steb\u00fcchern, Diskussionsforen, Linkverzeichnissen, Mailinglisten und in allen anderen Formen von Datenbanken, auf deren Inhalt externe Schreibzugriffe m\u00f6glich sind. F\u00fcr illegale, fehlerhafte oder unvollst\u00e4ndige Inhalte und insbesondere f\u00fcr Sch\u00e4den, die aus der Nutzung oder Nichtnutzung solcherart dargebotener Informationen entstehen, haftet allein der Anbieter der Seite, auf welche verwiesen wurde, nicht derjenige, der \u00fcber Links auf die jeweilige Ver\u00f6ffentlichung lediglich verweist.<br><br><\/li>\n\n\n\n<li>Urheber- und Kennzeichenrecht<br>Die K\u00fcnstlerin und Domaininhaberin ist bestrebt, in allen Publikationen die Urheberrechte der verwendeten Bilder, Grafiken, Tondokumente, Videosequenzen und Texte zu beachten, von ihm selbst erstellte Bilder, Grafiken, Tondokumente, Videosequenzen und Texte zu nutzen oder auf lizenzfreie Grafiken, Tondokumente, Videosequenzen und Texte zur\u00fcckzugreifen. Alle innerhalb des Internetangebotes genannten und ggf. durch Dritte gesch\u00fctzten Marken- und Warenzeichen unterliegen uneingeschr\u00e4nkt den Bestimmungen des jeweils g\u00fcltigen Kennzeichenrechts und den Besitzrechten der jeweiligen eingetragenen Eigent\u00fcmer. Allein aufgrund der blo\u00dfen Nennung ist nicht der Schluss zu ziehen, dass Markenzeichen nicht durch Rechte Dritter gesch\u00fctzt sind! Das Copyright f\u00fcr ver\u00f6ffentlichte, von der K\u00fcnstlerin und Domaininhaberin selbst erstellte Objekte bleibt allein bei der K\u00fcnstlerin und Domaininhaberin der Seiten. Eine Vervielf\u00e4ltigung oder Verwendung solcher Grafiken, Tondokumente, Videosequenzen und Texte in anderen elektronischen oder gedruckten Publikationen ist ohne ausdr\u00fcckliche Zustimmung der K\u00fcnstlerin und Domaininhaberin nicht gestattet.<br><br><\/li>\n\n\n\n<li>Datenschutz<br>Sofern innerhalb des Internetangebotes die M\u00f6glichkeit zur Eingabe pers\u00f6nlicher oder gesch\u00e4ftlicher Daten (Emailadressen, Namen, Anschriften) besteht, so erfolgt die Preisgabe dieser Daten seitens des Nutzers auf ausdr\u00fccklich freiwilliger Basis. Die Inanspruchnahme und Bezahlung aller angebotenen Dienste ist &#8211; soweit technisch m\u00f6glich und zumutbar &#8211; auch ohne Angabe solcher Daten bzw. unter Angabe anonymisierter Daten oder eines Pseudonyms gestattet. Die Nutzung der im Rahmen des Impressums oder vergleichbarer Angaben ver\u00f6ffentlichten Kontaktdaten wie Postanschriften, Telefon- und Faxnummern sowie Emailadressen durch Dritte zur \u00dcbersendung von nicht ausdr\u00fccklich angeforderten Informationen ist nicht gestattet. Rechtliche Schritte gegen die Versender von sogenannten Spam-Mails bei Verst\u00f6\u00dfen gegen dieses Verbot sind ausdr\u00fccklich vorbehalten.<br><br><\/li>\n\n\n\n<li>Rechtswirksamkeit dieses Haftungsausschlusses<br>Dieser Haftungsausschluss ist als Teil des Internetangebotes zu betrachten, von dem aus auf diese Seite verwiesen wurde. Sofern Teile oder einzelne Formulierungen dieses Textes der geltenden Rechtslage nicht, nicht mehr oder nicht vollst\u00e4ndig entsprechen sollten, bleiben die \u00fcbrigen Teile des Dokumentes in ihrem Inhalt und ihrer G\u00fcltigkeit davon unber\u00fchrt.<br><br>Erg\u00e4nzende Hinweise:<br>Bilder und alle auf die B\u00fccher, Buchtitel und Ver\u00f6ffentlichungen von Anne Krahl bezogenen Angaben dieser Homepage inkl. aller unter www.annekrahl.de abrufbarer direkten Unterseiten der benannten Domain unterliegen besonders auch im rechtlichen Sinne dem alleinigen Copyright der K\u00fcnstlerin und Domaininhaberin. Ausgenommen sind davon ausdr\u00fccklich Objekte, Grafiken, Inhalte und Zeitungsartikel, deren Wiedergabe auf dieser Homepage lediglich zu Informationszwecken erfolgt und deren s\u00e4mtliche Rechte beim Herausgeber\/Rechteinhaber\/Redakteur\/Autor des entsprechenden Abschnittes liegen. Darauf wird i.d.R. am jeweiligen Abschnitt nochmals verwiesen bzw. ergibt sich dies aus dem Zusammenhang. Eintr\u00e4ge im G\u00e4stebuch werden den rechtlichen und gesetzlichen Vorschriften widersprechende sowie diffamierende Eintr\u00e4ge ersatzlos gel\u00f6scht. F\u00fcr Eintr\u00e4ge von G\u00e4sten dieser Homepage kann die K\u00fcnstlerin und Domaininhaberin keine Haftung \u00fcbernehmen. Zur Feststellung des Verursachers wird f\u00fcr eventuell n\u00f6tige rechtliche Schritte gegen ihn seine gegenw\u00e4rtige IP-Adresse im G\u00e4stebuch gespeichert. Besonderer abmahnungsrechtlicher Hinweis. Eine Verletzung von Schutzrechten Dritter oder eine Situation, die eine Aufforderung per anwaltlicher Abmahnung motivieren k\u00f6nnte, entspricht nicht dem mutma\u00dflichen Willen des Betreibers dieser Webseiten. In jedem Fall sichert der Betreiber die sofortige Behebung der Verletzung zu. Kosten einer Abmahnung oder einer anwaltlichen Beratung kann er daher als offenkundlich missbr\u00e4uchlich nicht \u00fcbernehmen.<\/li>\n<\/ol>\n\n\n\n<p>Datenschutz<\/p>\n\n\n\n<p>Diese, von der K\u00fcnstlerin und Domaininhaberin privat gef\u00fchrte Internetpr\u00e4senz dient lediglich der Information. Alle diese Seite und ihre Unterseiten (Inhalte externer Links sind davon ausgeschlossen) betreffenden Rechte, insbesondere die Rechte an Gestaltung, Fotos, Bildern, Titeln, Inhalten, Texten und Formulierungen, geh\u00f6ren ausschlie\u00dflich der K\u00fcnstlerin und Domaininhaberin dieser privat gef\u00fchrten Informationsseite. Im Fall von Abweichungen wird gesondert darauf hingewiesen.<\/p>\n\n\n\n<p><strong class=\"privacy-policy-tutorial\"> <\/strong>Die Adresse dieser Website ist: http:\/\/annekrahl.de.<\/p>\n\n\n\n<h2 class=\"wp-block-heading\">Kommentare<\/h2>\n\n\n\n<p>Wenn Besucher Kommentare auf der Website schreiben, sammeln wir die Daten, die im Kommentar-Formular angezeigt werden, au\u00dferdem die IP-Adresse des Besuchers und den User-Agent-String (damit wird der Browser identifiziert), um die Erkennung von Spam zu unterst\u00fctzen.<\/p>\n\n\n\n<p>Aus deiner E-Mail-Adresse kann eine anonymisierte Zeichenfolge erstellt (auch Hash genannt) und dem Gravatar-Dienst \u00fcbergeben werden, um zu pr\u00fcfen, ob du diesen benutzt. Die Datenschutzerkl\u00e4rung des Gravatar-Dienstes findest du hier: https:\/\/automattic.com\/privacy\/. Nachdem dein Kommentar freigegeben wurde, ist dein Profilbild \u00f6ffentlich im Kontext deines Kommentars sichtbar.<\/p>\n\n\n\n<h2 class=\"wp-block-heading\">Medien<\/h2>\n\n\n\n<p>Wenn du ein registrierter Benutzer bist und Fotos auf diese Website l\u00e4dst, solltest du vermeiden, Fotos mit einem EXIF-GPS-Standort hochzuladen. Besucher dieser Website k\u00f6nnten Fotos, die auf dieser Website gespeichert sind, herunterladen und deren Standort-Informationen extrahieren.<\/p>\n\n\n\n<h2 class=\"wp-block-heading\">Cookies <strong class=\"privacy-policy-tutorial\"> <\/strong><\/h2>\n\n\n\n<h2 class=\"wp-block-heading\">Wenn du einen Kommentar auf unserer Website schreibst, kann das eine Einwilligung sein, deinen Namen, E-Mail-Adresse und Website in Cookies zu speichern. Dies ist eine Komfortfunktion, damit du nicht, wenn du einen weiteren Kommentar schreibst, all diese Daten erneut eingeben musst. Diese Cookies werden ein Jahr lang gespeichert.<\/h2>\n\n\n\n<p>Falls du ein Konto hast und dich auf dieser Website anmeldest, werden wir ein tempor\u00e4res Cookie setzen, um festzustellen, ob dein Browser Cookies akzeptiert. Dieses Cookie enth\u00e4lt keine personenbezogenen Daten und wird verworfen, wenn du deinen Browser schlie\u00dft.<\/p>\n\n\n\n<p>Wenn du dich anmeldest, werden wir einige Cookies einrichten, um deine Anmeldeinformationen und Anzeigeoptionen zu speichern. Anmelde-Cookies verfallen nach zwei Tagen und Cookies f\u00fcr die Anzeigeoptionen nach einem Jahr. Falls du bei der Anmeldung \u201eAngemeldet bleiben\u201c ausw\u00e4hlst, wird deine Anmeldung zwei Wochen lang aufrechterhalten. Mit der Abmeldung aus deinem Konto werden die Anmelde-Cookies gel\u00f6scht.<\/p>\n\n\n\n<p>Wenn du einen Artikel bearbeitest oder ver\u00f6ffentlichst, wird ein zus\u00e4tzlicher Cookie in deinem Browser gespeichert. Dieser Cookie enth\u00e4lt keine personenbezogenen Daten und verweist nur auf die Beitrags-ID des Artikels, den du gerade bearbeitet hast. Der Cookie verf\u00e4llt nach einem Tag.<\/p>\n\n\n\n<h2 class=\"wp-block-heading\">Beitr\u00e4ge auf dieser Website k\u00f6nnen eingebettete Inhalte beinhalten (z.&nbsp;B. Videos, Bilder, Beitr\u00e4ge etc.). Eingebettete Inhalte von anderen Websites verhalten sich exakt so, als ob der Besucher die andere Website besucht h\u00e4tte.<\/h2>\n\n\n\n<p>Diese Websites k\u00f6nnen Daten \u00fcber dich sammeln, Cookies benutzen, zus\u00e4tzliche Tracking-Dienste von Dritten einbetten und deine Interaktion mit diesem eingebetteten Inhalt aufzeichnen, inklusive deiner Interaktion mit dem eingebetteten Inhalt, falls du ein Konto hast und auf dieser Website angemeldet bist.<\/p>\n\n\n\n<h2 class=\"wp-block-heading\">Mit wem wir deine Daten teilen <\/h2>\n\n\n\n<h2 class=\"wp-block-heading\">Wenn du eine Zur\u00fccksetzung des Passworts beantragst, wird deine IP-Adresse in der E-Mail zur Zur\u00fccksetzung enthalten sein.<\/h2>\n\n\n\n<h2 class=\"wp-block-heading\">Wie lange wir deine Daten speichern<\/h2>\n\n\n\n<p>Wenn du einen Kommentar schreibst, wird dieser inklusive Metadaten zeitlich unbegrenzt gespeichert. Auf diese Art k\u00f6nnen wir Folgekommentare automatisch erkennen und freigeben, anstatt sie in einer Moderations-Warteschlange festzuhalten.<\/p>\n\n\n\n<p>F\u00fcr Benutzer, die sich auf unserer Website registrieren, speichern wir zus\u00e4tzlich die pers\u00f6nlichen Informationen, die sie in ihren Benutzerprofilen angeben. Alle Benutzer k\u00f6nnen jederzeit ihre pers\u00f6nlichen Informationen einsehen, ver\u00e4ndern oder l\u00f6schen (der Benutzername kann nicht ver\u00e4ndert werden). Administratoren der Website k\u00f6nnen diese Informationen ebenfalls einsehen und ver\u00e4ndern.<\/p>\n\n\n\n<h2 class=\"wp-block-heading\">Welche Rechte du an deinen Daten hast<\/h2>\n\n\n\n<p>Wenn du ein Konto auf dieser Website besitzt oder Kommentare geschrieben hast, kannst du einen Export deiner personenbezogenen Daten bei uns anfordern, inklusive aller Daten, die du uns mitgeteilt hast. Dar\u00fcber hinaus kannst du die L\u00f6schung aller personenbezogenen Daten, die wir von dir gespeichert haben, anfordern. Dies umfasst nicht die Daten, die wir aufgrund administrativer, rechtlicher oder sicherheitsrelevanter Notwendigkeiten aufbewahren m\u00fcssen.<\/p>\n\n\n\n<h2 class=\"wp-block-heading\">Wohin deine Daten gesendet werden<\/h2>\n\n\n\n<p>Besucher-Kommentare k\u00f6nnten von einem automatisierten Dienst zur Spam-Erkennung untersucht werden.<\/p>\n","protected":false},"excerpt":{"rendered":"<p>Herausgeber Anne KrahlPostweg 6201796 PirnaKontakt Bei Interesse an meinen Produkten kontaktieren Sie mich gern. Webmaster Robert KrahlAm Lindigt 1201796 PirnaKontakt Haftungsausschluss: Datenschutz Diese, von der K\u00fcnstlerin und Domaininhaberin privat gef\u00fchrte Internetpr\u00e4senz dient lediglich der Information. Alle diese Seite und ihre Unterseiten (Inhalte externer Links sind davon ausgeschlossen) betreffenden Rechte, insbesondere die Rechte an Gestaltung, Fotos, Bildern, Titeln, Inhalten, Texten und &hellip; <\/p>\n","protected":false},"author":1,"featured_media":0,"parent":0,"menu_order":0,"comment_status":"closed","ping_status":"open","template":"","meta":{"footnotes":""},"class_list":["post-9","page","type-page","status-publish","hentry"],"_links":{"self":[{"href":"http:\/\/hpannekrahl.ddns.net\/index.php?rest_route=\/wp\/v2\/pages\/9","targetHints":{"allow":["GET"]}}],"collection":[{"href":"http:\/\/hpannekrahl.ddns.net\/index.php?rest_route=\/wp\/v2\/pages"}],"about":[{"href":"http:\/\/hpannekrahl.ddns.net\/index.php?rest_route=\/wp\/v2\/types\/page"}],"author":[{"embeddable":true,"href":"http:\/\/hpannekrahl.ddns.net\/index.php?rest_route=\/wp\/v2\/users\/1"}],"replies":[{"embeddable":true,"href":"http:\/\/hpannekrahl.ddns.net\/index.php?rest_route=%2Fwp%2Fv2%2Fcomments&post=9"}],"version-history":[{"count":3,"href":"http:\/\/hpannekrahl.ddns.net\/index.php?rest_route=\/wp\/v2\/pages\/9\/revisions"}],"predecessor-version":[{"id":1091,"href":"http:\/\/hpannekrahl.ddns.net\/index.php?rest_route=\/wp\/v2\/pages\/9\/revisions\/1091"}],"wp:attachment":[{"href":"http:\/\/hpannekrahl.ddns.net\/index.php?rest_route=%2Fwp%2Fv2%2Fmedia&parent=9"}],"curies":[{"name":"wp","href":"https:\/\/api.w.org\/{rel}","templated":true}]}}