{"id":469,"date":"2023-12-26T14:59:35","date_gmt":"2023-12-26T13:59:35","guid":{"rendered":"http:\/\/annekrahl.de\/?page_id=469"},"modified":"2024-11-01T18:21:46","modified_gmt":"2024-11-01T17:21:46","slug":"pirnsche-pfannenschippe","status":"publish","type":"page","link":"http:\/\/hpannekrahl.ddns.net\/?page_id=469","title":{"rendered":"&#8222;Pirn&#8217;sche Pfannenschippe&#8216;"},"content":{"rendered":"\n<div class=\"wp-block-media-text is-stacked-on-mobile\" style=\"grid-template-columns:36% auto\"><figure class=\"wp-block-media-text__media\"><img loading=\"lazy\" decoding=\"async\" width=\"768\" height=\"1024\" src=\"http:\/\/hpannekrahl.ddns.net\/wp-content\/uploads\/2024\/11\/PS-Hacken-1-768x1024.jpg\" alt=\"\" class=\"wp-image-551 size-full\" srcset=\"http:\/\/hpannekrahl.ddns.net\/wp-content\/uploads\/2024\/11\/PS-Hacken-1-768x1024.jpg 768w, http:\/\/hpannekrahl.ddns.net\/wp-content\/uploads\/2024\/11\/PS-Hacken-1-225x300.jpg 225w, http:\/\/hpannekrahl.ddns.net\/wp-content\/uploads\/2024\/11\/PS-Hacken-1-1152x1536.jpg 1152w, http:\/\/hpannekrahl.ddns.net\/wp-content\/uploads\/2024\/11\/PS-Hacken-1-1536x2048.jpg 1536w, http:\/\/hpannekrahl.ddns.net\/wp-content\/uploads\/2024\/11\/PS-Hacken-1-scaled.jpg 1920w\" sizes=\"auto, (max-width: 768px) 100vw, 768px\" \/><\/figure><div class=\"wp-block-media-text__content\">\n<p><strong>Die Idee, K\u00fcchenhelfer aus unserem Kaminholz zu fertigen kam mir im Sommer, denn Feuerholz macht man im Sommer, damit man es im Winter sch\u00f6n warm hat. Doch noch bevor es mit der eigentliche Arbeit losgeht, muss das ausgesuchte Holz in schmale St\u00fccke gespaltet werden.<\/strong><\/p>\n\n\n\n<p><strong>Dass daraus mal ein &#8222;Pirnaer Unikat&#8220; wird, war bis dato noch nicht abzusehen.<\/strong><\/p>\n<\/div><\/div>\n\n\n\n<div class=\"wp-block-media-text has-media-on-the-right is-stacked-on-mobile\" style=\"grid-template-columns:auto 39%\"><div class=\"wp-block-media-text__content\">\n<p><strong>Wo geschliffen wird, entstehen Sp\u00e4ne. Die sind besonders fein und zahlreich. Manche findet man in Augen, Nase und Ohren wieder.<\/strong><\/p>\n<\/div><figure class=\"wp-block-media-text__media\"><img loading=\"lazy\" decoding=\"async\" width=\"1024\" height=\"768\" src=\"http:\/\/hpannekrahl.ddns.net\/wp-content\/uploads\/2024\/11\/PS-Spaene-1024x768.jpg\" alt=\"\" class=\"wp-image-555 size-full\" srcset=\"http:\/\/hpannekrahl.ddns.net\/wp-content\/uploads\/2024\/11\/PS-Spaene-1024x768.jpg 1024w, http:\/\/hpannekrahl.ddns.net\/wp-content\/uploads\/2024\/11\/PS-Spaene-300x225.jpg 300w, http:\/\/hpannekrahl.ddns.net\/wp-content\/uploads\/2024\/11\/PS-Spaene-768x576.jpg 768w, http:\/\/hpannekrahl.ddns.net\/wp-content\/uploads\/2024\/11\/PS-Spaene.jpg 1290w\" sizes=\"auto, (max-width: 1024px) 100vw, 1024px\" \/><\/figure><\/div>\n\n\n\n<div class=\"wp-block-media-text is-stacked-on-mobile\" style=\"grid-template-columns:27% auto\"><figure class=\"wp-block-media-text__media\"><img loading=\"lazy\" decoding=\"async\" width=\"768\" height=\"1024\" src=\"http:\/\/hpannekrahl.ddns.net\/wp-content\/uploads\/2024\/11\/PS-oelen-768x1024.jpg\" alt=\"\" class=\"wp-image-553 size-full\" srcset=\"http:\/\/hpannekrahl.ddns.net\/wp-content\/uploads\/2024\/11\/PS-oelen-768x1024.jpg 768w, http:\/\/hpannekrahl.ddns.net\/wp-content\/uploads\/2024\/11\/PS-oelen-225x300.jpg 225w, http:\/\/hpannekrahl.ddns.net\/wp-content\/uploads\/2024\/11\/PS-oelen-1152x1536.jpg 1152w, http:\/\/hpannekrahl.ddns.net\/wp-content\/uploads\/2024\/11\/PS-oelen-1536x2048.jpg 1536w, http:\/\/hpannekrahl.ddns.net\/wp-content\/uploads\/2024\/11\/PS-oelen-scaled.jpg 1920w\" sizes=\"auto, (max-width: 768px) 100vw, 768px\" \/><\/figure><div class=\"wp-block-media-text__content\">\n<p><strong>Hier gibt es die &#8222;letzte \u00d6lung&#8220;, bevor das Branding aufgebracht wird.<\/strong><\/p>\n<\/div><\/div>\n\n\n\n<div class=\"wp-block-media-text has-media-on-the-right is-stacked-on-mobile\"><div class=\"wp-block-media-text__content\">\n<p><strong>Alle fein aufgereiht und jedes St\u00fcck in seiner ureigenen Form. Auch das ist ein Pr\u00e4dikat f\u00fcr die Einzigartigkeit.<\/strong><\/p>\n<\/div><figure class=\"wp-block-media-text__media\"><img loading=\"lazy\" decoding=\"async\" width=\"1024\" height=\"453\" src=\"http:\/\/hpannekrahl.ddns.net\/wp-content\/uploads\/2024\/11\/PS-zum-Brennen-1-1024x453.jpg\" alt=\"\" class=\"wp-image-561 size-full\" srcset=\"http:\/\/hpannekrahl.ddns.net\/wp-content\/uploads\/2024\/11\/PS-zum-Brennen-1-1024x453.jpg 1024w, http:\/\/hpannekrahl.ddns.net\/wp-content\/uploads\/2024\/11\/PS-zum-Brennen-1-300x133.jpg 300w, http:\/\/hpannekrahl.ddns.net\/wp-content\/uploads\/2024\/11\/PS-zum-Brennen-1-768x340.jpg 768w, http:\/\/hpannekrahl.ddns.net\/wp-content\/uploads\/2024\/11\/PS-zum-Brennen-1-1536x680.jpg 1536w, http:\/\/hpannekrahl.ddns.net\/wp-content\/uploads\/2024\/11\/PS-zum-Brennen-1-2048x906.jpg 2048w\" sizes=\"auto, (max-width: 1024px) 100vw, 1024px\" \/><\/figure><\/div>\n\n\n\n<div class=\"wp-block-media-text is-stacked-on-mobile\" style=\"grid-template-columns:39% auto\"><figure class=\"wp-block-media-text__media\"><img loading=\"lazy\" decoding=\"async\" width=\"1010\" height=\"1012\" src=\"http:\/\/hpannekrahl.ddns.net\/wp-content\/uploads\/2024\/11\/PS-brennen-1.jpg\" alt=\"\" class=\"wp-image-548 size-full\" srcset=\"http:\/\/hpannekrahl.ddns.net\/wp-content\/uploads\/2024\/11\/PS-brennen-1.jpg 1010w, http:\/\/hpannekrahl.ddns.net\/wp-content\/uploads\/2024\/11\/PS-brennen-1-300x300.jpg 300w, http:\/\/hpannekrahl.ddns.net\/wp-content\/uploads\/2024\/11\/PS-brennen-1-150x150.jpg 150w, http:\/\/hpannekrahl.ddns.net\/wp-content\/uploads\/2024\/11\/PS-brennen-1-768x770.jpg 768w, http:\/\/hpannekrahl.ddns.net\/wp-content\/uploads\/2024\/11\/PS-brennen-1-275x275.jpg 275w, http:\/\/hpannekrahl.ddns.net\/wp-content\/uploads\/2024\/11\/PS-brennen-1-75x75.jpg 75w\" sizes=\"auto, (max-width: 1010px) 100vw, 1010px\" \/><\/figure><div class=\"wp-block-media-text__content\">\n<p><strong>Der gut erhitzte Brennstempel wird vorsichtig auf das Holz aufgesetzt und m\u00f6glichst nach allen Seiten bewegt, damit das Ergebnis sch\u00f6n gleichm\u00e4\u00dfig wird.<\/strong><\/p>\n<\/div><\/div>\n\n\n\n<div class=\"wp-block-media-text has-media-on-the-right is-stacked-on-mobile\" style=\"grid-template-columns:auto 38%\"><div class=\"wp-block-media-text__content\">\n<p><strong>Alles gut zu erkennen.<\/strong><\/p>\n<\/div><figure class=\"wp-block-media-text__media\"><img loading=\"lazy\" decoding=\"async\" width=\"600\" height=\"634\" src=\"http:\/\/hpannekrahl.ddns.net\/wp-content\/uploads\/2024\/11\/PS-Brennstempel-1.jpg\" alt=\"\" class=\"wp-image-549 size-full\" srcset=\"http:\/\/hpannekrahl.ddns.net\/wp-content\/uploads\/2024\/11\/PS-Brennstempel-1.jpg 600w, http:\/\/hpannekrahl.ddns.net\/wp-content\/uploads\/2024\/11\/PS-Brennstempel-1-284x300.jpg 284w\" sizes=\"auto, (max-width: 600px) 100vw, 600px\" \/><\/figure><\/div>\n\n\n\n<div class=\"wp-block-media-text is-stacked-on-mobile\" style=\"grid-template-columns:31% auto\"><figure class=\"wp-block-media-text__media\"><img loading=\"lazy\" decoding=\"async\" width=\"768\" height=\"1024\" src=\"http:\/\/hpannekrahl.ddns.net\/wp-content\/uploads\/2024\/11\/PS-Plaketten-768x1024.jpg\" alt=\"\" class=\"wp-image-554 size-full\" srcset=\"http:\/\/hpannekrahl.ddns.net\/wp-content\/uploads\/2024\/11\/PS-Plaketten-768x1024.jpg 768w, http:\/\/hpannekrahl.ddns.net\/wp-content\/uploads\/2024\/11\/PS-Plaketten-225x300.jpg 225w, http:\/\/hpannekrahl.ddns.net\/wp-content\/uploads\/2024\/11\/PS-Plaketten-1152x1536.jpg 1152w, http:\/\/hpannekrahl.ddns.net\/wp-content\/uploads\/2024\/11\/PS-Plaketten.jpg 1162w\" sizes=\"auto, (max-width: 768px) 100vw, 768px\" \/><\/figure><div class=\"wp-block-media-text__content\">\n<p><strong>Vorbereitung f\u00fcr die Etiketten. Auch hier, alles Handarbeit.<\/strong><\/p>\n<\/div><\/div>\n\n\n\n<div class=\"wp-block-media-text has-media-on-the-right is-stacked-on-mobile\" style=\"grid-template-columns:auto 36%\"><div class=\"wp-block-media-text__content\">\n<p><strong>Lang erwartet und nun endlich da.<\/strong> <strong>Bei der Zertifizierung alle Juroren restlos \u00fcberzeugt.<\/strong><\/p>\n<\/div><figure class=\"wp-block-media-text__media\"><img loading=\"lazy\" decoding=\"async\" width=\"768\" height=\"1024\" src=\"http:\/\/hpannekrahl.ddns.net\/wp-content\/uploads\/2024\/11\/PS-Zertifikat-768x1024.jpg\" alt=\"\" class=\"wp-image-556 size-full\" srcset=\"http:\/\/hpannekrahl.ddns.net\/wp-content\/uploads\/2024\/11\/PS-Zertifikat-768x1023.jpg 768w, http:\/\/hpannekrahl.ddns.net\/wp-content\/uploads\/2024\/11\/PS-Zertifikat-225x300.jpg 225w, http:\/\/hpannekrahl.ddns.net\/wp-content\/uploads\/2024\/11\/PS-Zertifikat.jpg 968w\" sizes=\"auto, (max-width: 768px) 100vw, 768px\" \/><\/figure><\/div>\n\n\n\n<div class=\"wp-block-media-text is-stacked-on-mobile\" style=\"grid-template-columns:33% auto\"><figure class=\"wp-block-media-text__media\"><img loading=\"lazy\" decoding=\"async\" width=\"768\" height=\"1024\" src=\"http:\/\/hpannekrahl.ddns.net\/wp-content\/uploads\/2024\/11\/PS-im-Schaufenster-768x1024.jpg\" alt=\"\" class=\"wp-image-552 size-full\" srcset=\"http:\/\/hpannekrahl.ddns.net\/wp-content\/uploads\/2024\/11\/PS-im-Schaufenster-768x1023.jpg 768w, http:\/\/hpannekrahl.ddns.net\/wp-content\/uploads\/2024\/11\/PS-im-Schaufenster-225x300.jpg 225w, http:\/\/hpannekrahl.ddns.net\/wp-content\/uploads\/2024\/11\/PS-im-Schaufenster.jpg 908w\" sizes=\"auto, (max-width: 768px) 100vw, 768px\" \/><\/figure><div class=\"wp-block-media-text__content\">\n<p><strong>Was f\u00fcr ein Gef\u00fchl, wenn man sein eigenes Produkt im Gesch\u00e4ft liegen sieht!<\/strong><\/p>\n<\/div><\/div>\n","protected":false},"excerpt":{"rendered":"<p>Die Idee, K\u00fcchenhelfer aus unserem Kaminholz zu fertigen kam mir im Sommer, denn Feuerholz macht man im Sommer, damit man es im Winter sch\u00f6n warm hat. Doch noch bevor es mit der eigentliche Arbeit losgeht, muss das ausgesuchte Holz in schmale St\u00fccke gespaltet werden. Dass daraus mal ein &#8222;Pirnaer Unikat&#8220; wird, war bis dato noch nicht abzusehen. Wo geschliffen wird, &hellip; <\/p>\n","protected":false},"author":1,"featured_media":0,"parent":0,"menu_order":0,"comment_status":"closed","ping_status":"closed","template":"","meta":{"footnotes":""},"class_list":["post-469","page","type-page","status-publish","hentry"],"_links":{"self":[{"href":"http:\/\/hpannekrahl.ddns.net\/index.php?rest_route=\/wp\/v2\/pages\/469","targetHints":{"allow":["GET"]}}],"collection":[{"href":"http:\/\/hpannekrahl.ddns.net\/index.php?rest_route=\/wp\/v2\/pages"}],"about":[{"href":"http:\/\/hpannekrahl.ddns.net\/index.php?rest_route=\/wp\/v2\/types\/page"}],"author":[{"embeddable":true,"href":"http:\/\/hpannekrahl.ddns.net\/index.php?rest_route=\/wp\/v2\/users\/1"}],"replies":[{"embeddable":true,"href":"http:\/\/hpannekrahl.ddns.net\/index.php?rest_route=%2Fwp%2Fv2%2Fcomments&post=469"}],"version-history":[{"count":4,"href":"http:\/\/hpannekrahl.ddns.net\/index.php?rest_route=\/wp\/v2\/pages\/469\/revisions"}],"predecessor-version":[{"id":562,"href":"http:\/\/hpannekrahl.ddns.net\/index.php?rest_route=\/wp\/v2\/pages\/469\/revisions\/562"}],"wp:attachment":[{"href":"http:\/\/hpannekrahl.ddns.net\/index.php?rest_route=%2Fwp%2Fv2%2Fmedia&parent=469"}],"curies":[{"name":"wp","href":"https:\/\/api.w.org\/{rel}","templated":true}]}}